{"id":43,"date":"2025-11-16T00:22:57","date_gmt":"2025-11-16T00:22:57","guid":{"rendered":"http:\/\/oilmover.com\/?page_id=43"},"modified":"2026-02-05T19:44:22","modified_gmt":"2026-02-05T19:44:22","slug":"hem","status":"publish","type":"page","link":"https:\/\/oilmover.com\/de\/","title":{"rendered":"Hem"},"content":{"rendered":"<section class=\"section dark\" id=\"section_1074104392\">\n\t\t<div class=\"bg section-bg fill bg-fill  bg-loaded\" >\n\n\t\t\t\n\t\t\t\n\t\t\t\n\n\t\t<\/div>\n\n\t\t\n\n\t\t<div class=\"section-content relative\">\n\t\t\t\n<div class=\"row\"  id=\"row-634640425\">\n\n\t<div id=\"col-1962810145\" class=\"col medium-8 small-12 large-8\"  >\n\t\t\t\t<div class=\"col-inner\"  >\n\t\t\t\n\t\t\t\n\t<div id=\"text-3584800549\" class=\"text\">\n\t\t\n<h1><strong>Die intelligente L\u00f6sung f\u00fcr eine sichere und effiziente Speise\u00f6lverwaltung.<\/strong><\/h1>\n\t\t\n<style>\n#text-3584800549 {\n  font-size: 1.35rem;\n  color: rgb(255,255,255);\n}\n#text-3584800549 > * {\n  color: rgb(255,255,255);\n}\n<\/style>\n\t<\/div>\n\t\n\t<div id=\"text-2773513182\" class=\"text\">\n\t\t\n<p>OilMover\u2122 ist f\u00fcr Restaurants, Gro\u00dfk\u00fcchen und Lebensmittelservice-Umgebungen konzipiert, die eine schnelle, saubere und sichere M\u00f6glichkeit ben\u00f6tigen, gebrauchtes Frittier\u00f6l zu entleeren und zu transportieren.<\/p>\n\t\t\n<style>\n#text-2773513182 {\n  color: rgb(255,255,255);\n}\n#text-2773513182 > * {\n  color: rgb(255,255,255);\n}\n<\/style>\n\t<\/div>\n\t\n\t\t<\/div>\n\t\t\t\t\n<style>\n#col-1962810145 > .col-inner {\n  padding: 50px 50px 50px 50px;\n}\n<\/style>\n\t<\/div>\n\n\t\n\n\t<div id=\"col-139945330\" class=\"col medium-4 small-12 large-4\"  >\n\t\t\t\t<div class=\"col-inner\"  >\n\t\t\t\n\t\t\t\n\t\t<\/div>\n\t\t\t\t\n<style>\n#col-139945330 > .col-inner {\n  margin: -250px 0px 0px 0px;\n}\n@media (min-width:550px) {\n  #col-139945330 > .col-inner {\n    margin: -50px 0px 0px -175px;\n  }\n}\n<\/style>\n\t<\/div>\n\n\t\n<\/div>\n\t\t<\/div>\n\n\t\t\n<style>\n#section_1074104392 {\n  padding-top: 30px;\n  padding-bottom: 30px;\n  margin-bottom: -100px;\n  background-color: #cc1f0c;\n}\n<\/style>\n\t<\/section>\n\t\n\t<section class=\"section\" id=\"section_758239152\">\n\t\t<div class=\"bg section-bg fill bg-fill  bg-loaded\" >\n\n\t\t\t\n\t\t\t\n\t\t\t\n\n\t\t<\/div>\n\n\t\t\n\n\t\t<div class=\"section-content relative\">\n\t\t\t\n<div class=\"row\"  id=\"row-551975249\">\n\n\t<div id=\"col-667149698\" class=\"col medium-5 small-12 large-5\"  >\n\t\t\t\t<div class=\"col-inner box-shadow-4\" style=\"background-color:rgb(253, 196, 16);\" >\n\t\t\t\n\t\t\t\n\t<div id=\"text-931377947\" class=\"text\">\n\t\t\n<h1>25 Liter pro Minute<\/h1>\n\t\t\n<style>\n#text-931377947 {\n  font-size: 1.25rem;\n}\n<\/style>\n\t<\/div>\n\t\n\t<div id=\"text-4081235800\" class=\"text\">\n\t\t\n<h4>Saugleistung<\/h4>\n\t\t\n<style>\n#text-4081235800 {\n  font-size: 1.25rem;\n  line-height: 0.75;\n}\n<\/style>\n\t<\/div>\n\t\n\t\t<\/div>\n\t\t\t\t\n<style>\n#col-667149698 > .col-inner {\n  padding: 30px 30px 25px 30px;\n}\n<\/style>\n\t<\/div>\n\n\t\n\n\t<div id=\"col-629122299\" class=\"col medium-7 small-12 large-7\"  >\n\t\t\t\t<div class=\"col-inner\"  >\n\t\t\t\n\t\t\t\n\t<div class=\"img has-hover show-for-small x md-x lg-x y md-y lg-y\" id=\"image_1071810554\">\n\t\t\t\t\t\t\t\t<div class=\"img-inner image-cover dark\" style=\"padding-top:500px;margin:100px 0px 0px 0px;\">\n\t\t\t<img loading=\"lazy\" decoding=\"async\" width=\"1038\" height=\"1024\" src=\"https:\/\/oilmover.com\/wp-content\/uploads\/2025\/11\/oilmover-trans-shadow.png\" class=\"attachment-original size-original\" alt=\"\" srcset=\"https:\/\/oilmover.com\/wp-content\/uploads\/2025\/11\/oilmover-trans-shadow.png 1038w, https:\/\/oilmover.com\/wp-content\/uploads\/2025\/11\/oilmover-trans-shadow-405x400.png 405w, https:\/\/oilmover.com\/wp-content\/uploads\/2025\/11\/oilmover-trans-shadow-811x800.png 811w, https:\/\/oilmover.com\/wp-content\/uploads\/2025\/11\/oilmover-trans-shadow-768x758.png 768w, https:\/\/oilmover.com\/wp-content\/uploads\/2025\/11\/oilmover-trans-shadow-600x592.png 600w, https:\/\/oilmover.com\/wp-content\/uploads\/2025\/11\/oilmover-trans-shadow-100x100.png 100w\" sizes=\"auto, (max-width: 1038px) 100vw, 1038px\" \/>\t\t\t\t\t\t\n\t\t\t\t\t<\/div>\n\t\t\t\t\t\t\t\t\n<style>\n#image_1071810554 {\n  width: 99%;\n}\n<\/style>\n\t<\/div>\n\t\n\t<div class=\"img has-hover hide-for-small x md-x lg-x y md-y lg-y\" id=\"image_1018116163\">\n\t\t\t\t\t\t\t\t<div class=\"img-inner image-cover dark\" style=\"padding-top:500px;margin:130px 0px 0px 130px;\">\n\t\t\t<img loading=\"lazy\" decoding=\"async\" width=\"1038\" height=\"1024\" src=\"https:\/\/oilmover.com\/wp-content\/uploads\/2025\/11\/oilmover-trans-shadow.png\" class=\"attachment-original size-original\" alt=\"\" srcset=\"https:\/\/oilmover.com\/wp-content\/uploads\/2025\/11\/oilmover-trans-shadow.png 1038w, https:\/\/oilmover.com\/wp-content\/uploads\/2025\/11\/oilmover-trans-shadow-405x400.png 405w, https:\/\/oilmover.com\/wp-content\/uploads\/2025\/11\/oilmover-trans-shadow-811x800.png 811w, https:\/\/oilmover.com\/wp-content\/uploads\/2025\/11\/oilmover-trans-shadow-768x758.png 768w, https:\/\/oilmover.com\/wp-content\/uploads\/2025\/11\/oilmover-trans-shadow-600x592.png 600w, https:\/\/oilmover.com\/wp-content\/uploads\/2025\/11\/oilmover-trans-shadow-100x100.png 100w\" sizes=\"auto, (max-width: 1038px) 100vw, 1038px\" \/>\t\t\t\t\t\t\n\t\t\t\t\t<\/div>\n\t\t\t\t\t\t\t\t\n<style>\n#image_1018116163 {\n  width: 99%;\n}\n<\/style>\n\t<\/div>\n\t\n\t\t<\/div>\n\t\t\t\t\n<style>\n#col-629122299 > .col-inner {\n  padding: 220px 0px 0px 0px;\n  margin: -400px 0px 0px 0px;\n}\n@media (min-width:550px) {\n  #col-629122299 > .col-inner {\n    padding: 0px 0px 0px 0px;\n  }\n}\n<\/style>\n\t<\/div>\n\n\t\n<\/div>\n\t\t<\/div>\n\n\t\t\n<style>\n#section_758239152 {\n  padding-top: 0px;\n  padding-bottom: 0px;\n}\n<\/style>\n\t<\/section>\n\t\n\t<section class=\"section\" id=\"section_1051095376\">\n\t\t<div class=\"bg section-bg fill bg-fill  bg-loaded\" >\n\n\t\t\t\n\t\t\t\n\t\t\t\n\n\t\t<\/div>\n\n\t\t\n\n\t\t<div class=\"section-content relative\">\n\t\t\t\n<div class=\"row align-middle\" style=\"max-width:800px\" id=\"row-1650343697\">\n\n\t<div id=\"col-874490335\" class=\"col small-12 large-12\"  >\n\t\t\t\t<div class=\"col-inner text-left\"  >\n\t\t\t\n\t\t\t\n<div class=\"text-base my-auto mx-auto pb-10 &#091;--thread-content-margin:--spacing(4)&#093; @w-sm\/main:&#091;--thread-content-margin:--spacing(6)&#093; @w-lg\/main:&#091;--thread-content-margin:--spacing(16)&#093; px-(--thread-content-margin)\">\n<div class=\"&#091;--thread-content-max-width:40rem&#093; @w-lg\/main:&#091;--thread-content-max-width:48rem&#093; mx-auto max-w-(--thread-content-max-width) flex-1 group\/turn-messages focus-visible:outline-hidden relative flex w-full min-w-0 flex-col agent-turn\" tabindex=\"-1\">\n<div class=\"flex max-w-full flex-col grow\">\n<div class=\"min-h-8 text-message relative flex w-full flex-col items-end gap-2 text-start break-words whitespace-normal &#091;.text-message+&amp;&#093;:mt-1\" dir=\"auto\" data-message-author-role=\"assistant\" data-message-id=\"d0c6589a-620e-43a7-9faa-99bc983f136d\" data-message-model-slug=\"gpt-5-2\">\n<div class=\"flex w-full flex-col gap-1 empty:hidden first:pt-&#091;1px&#093;\">\n<div class=\"markdown prose dark:prose-invert w-full break-words light markdown-new-styling\">\n<h3 data-start=\"0\" data-end=\"52\"><strong data-start=\"0\" data-end=\"52\">Einfach, sauber und rentabel.<\/strong><\/h3>\n<p data-start=\"54\" data-end=\"367\">OilMover\u2122 macht es Restaurants einfach, gebrauchtes Frittier\u00f6l zu handhaben. Unsere L\u00f6sung sammelt das \u00d6l direkt vor Ort \u2013 ohne Versch\u00fctten, Ger\u00fcche oder manuelle M\u00fche \u2013 und sorgt daf\u00fcr, dass es korrekt recycelt wird. Das Ergebnis ist eine sauberere Arbeitsumgebung, einfacheres Recycling und ein konkreter Beitrag zur Kreislaufwirtschaft.<\/p>\n<p data-start=\"369\" data-end=\"443\" data-is-last-node=\"\" data-is-only-node=\"\">Sie konzentrieren sich auf das Essen und die G\u00e4ste. <strong>OilMover\u2122 k\u00fcmmert sich um das \u00d6l.<\/strong><\/p>\n<p data-start=\"369\" data-end=\"443\" data-is-last-node=\"\" data-is-only-node=\"\"><span style=\"font-size: 90%;\"><em>Finanzierung m\u00f6glich ab unter 500 SEK\/Monat \u2013 eine niedrige monatliche Kosten, die in den t\u00e4glichen Betrieb passt.<\/em><\/span><\/p>\n<p data-start=\"369\" data-end=\"443\" data-is-last-node=\"\" data-is-only-node=\"\"><img loading=\"lazy\" decoding=\"async\" class=\"alignnone  wp-image-187\" src=\"https:\/\/oilmover.com\/wp-content\/uploads\/2025\/12\/ce.png\" alt=\"\" width=\"26\" height=\"19\" \/> \u00a0 Die Maschine ist CE-gekennzeichnet.<\/p>\n<\/div>\n<\/div>\n<\/div>\n<\/div>\n<\/div>\n<\/div>\n\t\t<\/div>\n\t\t\t\t\t<\/div>\n\n\t\n<\/div>\n\t\t<\/div>\n\n\t\t\n<style>\n#section_1051095376 {\n  padding-top: 30px;\n  padding-bottom: 30px;\n}\n<\/style>\n\t<\/section>\n\t\n\t<section class=\"section\" id=\"section_815379146\">\n\t\t<div class=\"bg section-bg fill bg-fill  bg-loaded\" >\n\n\t\t\t\n\t\t\t\n\t\t\t\n\n\t\t<\/div>\n\n\t\t\n\n\t\t<div class=\"section-content relative\">\n\t\t\t\n<div class=\"row\" style=\"max-width:800px\" id=\"row-1626019260\">\n\n\t<div id=\"col-1768203730\" class=\"col medium-6 small-12 large-6\"  >\n\t\t\t\t<div class=\"col-inner\"  >\n\t\t\t\n\t\t\t\n<h2>Vorteile<\/h2>\n\n\t\t<div class=\"icon-box featured-box icon-box-left text-left\"  >\n\t\t\t\t\t<div class=\"icon-box-img\" style=\"width: 50px\">\n\t\t\t\t<div class=\"icon\">\n\t\t\t\t\t<div class=\"icon-inner\" >\n\t\t\t\t\t\t<svg xmlns=\"http:\/\/www.w3.org\/2000\/svg\" height=\"24px\" viewbox=\"0 -960 960 960\" width=\"24px\" fill=\"#e3e3e3\"><path d=\"M480-320q102-92 131-129.5t29-74.5q0-36-26-62t-62-26q-21 0-40.5 8.5T480-580q-12-15-31-23.5t-41-8.5q-36 0-62 26t-26 62q0 19 5 35t22 37.5q17 21.5 48.5 52.5t84.5 79Zm0 240q-139-35-229.5-159.5T160-516v-244l320-120 320 120v244q0 152-90.5 276.5T480-80Zm0-84q104-33 172-132t68-220v-189l-240-90-240 90v189q0 121 68 220t172 132Zm0-316Z\"\/><\/svg>\t\t\t\t\t<\/div>\n\t\t\t\t<\/div>\n\t\t\t<\/div>\n\t\t\t\t<div class=\"icon-box-text last-reset\">\n\t\t\t<h5 class=\"uppercase\">Viel sicherer<\/h5>\t\t\t<h6>Kann die Anzahl der Unf\u00e4lle halbieren<\/h6>\t\t\t\n\t\t<\/div>\n\t<\/div>\n\t\n\t\n\n\t\t<div class=\"icon-box featured-box icon-box-left text-left\"  >\n\t\t\t\t\t<div class=\"icon-box-img\" style=\"width: 50px\">\n\t\t\t\t<div class=\"icon\">\n\t\t\t\t\t<div class=\"icon-inner\" >\n\t\t\t\t\t\t<svg xmlns=\"http:\/\/www.w3.org\/2000\/svg\" height=\"24px\" viewbox=\"0 -960 960 960\" width=\"24px\" fill=\"#e3e3e3\"><path d=\"m242-200 200-280-200-280h98l200 280-200 280h-98Zm238 0 200-280-200-280h98l200 280-200 280h-98Z\"\/><\/svg>\t\t\t\t\t<\/div>\n\t\t\t\t<\/div>\n\t\t\t<\/div>\n\t\t\t\t<div class=\"icon-box-text last-reset\">\n\t\t\t<h5 class=\"uppercase\">Schnellere Handhabung<\/h5>\t\t\t<h6>Keine manuelle Arbeit<\/h6>\t\t\t\n\t\t<\/div>\n\t<\/div>\n\t\n\t\n\n\t\t<div class=\"icon-box featured-box icon-box-left text-left\"  >\n\t\t\t\t\t<div class=\"icon-box-img\" style=\"width: 50px\">\n\t\t\t\t<div class=\"icon\">\n\t\t\t\t\t<div class=\"icon-inner\" >\n\t\t\t\t\t\t<svg xmlns=\"http:\/\/www.w3.org\/2000\/svg\" height=\"24px\" viewbox=\"0 -960 960 960\" width=\"24px\" fill=\"#e3e3e3\"><path d=\"M640-520q17 0 28.5-11.5T680-560q0-17-11.5-28.5T640-600q-17 0-28.5 11.5T600-560q0 17 11.5 28.5T640-520Zm-320-80h200v-80H320v80ZM180-120q-34-114-67-227.5T80-580q0-92 64-156t156-64h200q29-38 70.5-59t89.5-21q25 0 42.5 17.5T720-820q0 6-1.5 12t-3.5 11q-4 11-7.5 22.5T702-751l91 91h87v279l-113 37-67 224H480v-80h-80v80H180Zm60-80h80v-80h240v80h80l62-206 98-33v-141h-40L620-720q0-20 2.5-38.5T630-796q-29 8-51 27.5T547-720H300q-58 0-99 41t-41 99q0 98 27 191.5T240-200Zm240-298Z\"\/><\/svg>\t\t\t\t\t<\/div>\n\t\t\t\t<\/div>\n\t\t\t<\/div>\n\t\t\t\t<div class=\"icon-box-text last-reset\">\n\t\t\t<h5 class=\"uppercase\">Spart Geld<\/h5>\t\t\t<h6>Weniger Zeitaufwand &amp; Versch\u00fctten<\/h6>\t\t\t\n\t\t<\/div>\n\t<\/div>\n\t\n\t\n\n\t\t<div class=\"icon-box featured-box icon-box-left text-left\"  >\n\t\t\t\t\t<div class=\"icon-box-img\" style=\"width: 50px\">\n\t\t\t\t<div class=\"icon\">\n\t\t\t\t\t<div class=\"icon-inner\" >\n\t\t\t\t\t\t<?xml version=\"1.0\" encoding=\"UTF-8\"?> <svg xmlns=\"http:\/\/www.w3.org\/2000\/svg\" height=\"24px\" viewbox=\"0 -960 960 960\" width=\"24px\" fill=\"#5f6368\"><path d=\"M40-280v-160h328L120-636v116H40v-240h40l440 242v-282h200l200 240v280H820q0 50-35 85t-85 35q-50 0-85-35t-35-85H360q0 50-35 85t-85 35q-50 0-85-35t-35-85H40Zm200 60q26 0 43-17t17-43q0-26-17-43t-43-17q-26 0-43 17t-17 43q0 26 17 43t43 17Zm460 0q26 0 43-17t17-43q0-26-17-43t-43-17q-26 0-43 17t-17 43q0 26 17 43t43 17ZM600-560h216L682-720h-82v160Z\"><\/path><\/svg> \t\t\t\t\t<\/div>\n\t\t\t\t<\/div>\n\t\t\t<\/div>\n\t\t\t\t<div class=\"icon-box-text last-reset\">\n\t\t\t<h5 class=\"uppercase\">Garantie<\/h5>\t\t\t<h6>Landesweiter Service<\/h6>\t\t\t\n\t\t<\/div>\n\t<\/div>\n\t\n\t\n\n\t\t<div class=\"icon-box featured-box icon-box-left text-left\"  >\n\t\t\t\t\t<div class=\"icon-box-img\" style=\"width: 50px\">\n\t\t\t\t<div class=\"icon\">\n\t\t\t\t\t<div class=\"icon-inner\" >\n\t\t\t\t\t\t<?xml version=\"1.0\" encoding=\"UTF-8\"?> <svg xmlns=\"http:\/\/www.w3.org\/2000\/svg\" height=\"24px\" viewbox=\"0 -960 960 960\" width=\"24px\" fill=\"#5f6368\"><path d=\"M460-200h40v-74l140-140v-186H320v186l140 140v74Zm-80 80v-120L240-380v-220q0-33 23.5-56.5T320-680h40l-40 40v-200h80v160h160v-160h80v200l-40-40h40q33 0 56.5 23.5T720-600v220L580-240v120H380Zm100-280Z\"><\/path><\/svg> \t\t\t\t\t<\/div>\n\t\t\t\t<\/div>\n\t\t\t<\/div>\n\t\t\t\t<div class=\"icon-box-text last-reset\">\n\t\t\t<h5 class=\"uppercase\">Standardstecker<\/h5>\t\t\t<h6>Kein Drehstrom erforderlich<\/h6>\t\t\t\n\t\t<\/div>\n\t<\/div>\n\t\n\t\n\t\t<\/div>\n\t\t\t\t\t<\/div>\n\n\t\n\n\t<div id=\"col-1419194749\" class=\"col medium-6 small-12 large-6\"  >\n\t\t\t\t<div class=\"col-inner\"  >\n\t\t\t\n\t\t\t\n<h2>Kennzahlen<\/h2>\n\n\t\t<div class=\"icon-box featured-box icon-box-left text-left\"  >\n\t\t\t\t\t<div class=\"icon-box-img\" style=\"width: 50px\">\n\t\t\t\t<div class=\"icon\">\n\t\t\t\t\t<div class=\"icon-inner\" >\n\t\t\t\t\t\t<svg xmlns=\"http:\/\/www.w3.org\/2000\/svg\" height=\"24px\" viewbox=\"0 -960 960 960\" width=\"24px\" fill=\"#e3e3e3\"><path d=\"M160-80q-50 0-85-35t-35-85q0-50 35-85t85-35q50 0 85 35t35 85q0 50-35 85t-85 35Zm0-80q17 0 28.5-11.5T200-200q0-17-11.5-28.5T160-240q-17 0-28.5 11.5T120-200q0 17 11.5 28.5T160-160Zm160 80q14-18 22.5-37.5T356-160h84v-280q0-33-23.5-56.5T360-520H160v120q-21 0-41.5 4T80-384v-216h120v-136q0-77 53.5-130.5T384-920q56 0 102 30.5t68 81.5l273 648h93v80H640v-80h100L481-776q-12-29-38.5-46.5T384-840q-44 0-74 30t-30 74v136h80q66 0 113 47t47 113v360H320Zm-20-260Z\"\/><\/svg>\t\t\t\t\t<\/div>\n\t\t\t\t<\/div>\n\t\t\t<\/div>\n\t\t\t\t<div class=\"icon-box-text last-reset\">\n\t\t\t<h5 class=\"uppercase\">25 L\/min<\/h5>\t\t\t<h6>Sauggeschwindigkeit<\/h6>\t\t\t\n\t\t<\/div>\n\t<\/div>\n\t\n\t\n\n\t\t<div class=\"icon-box featured-box icon-box-left text-left\"  >\n\t\t\t\t\t<div class=\"icon-box-img\" style=\"width: 50px\">\n\t\t\t\t<div class=\"icon\">\n\t\t\t\t\t<div class=\"icon-inner\" >\n\t\t\t\t\t\t<svg xmlns=\"http:\/\/www.w3.org\/2000\/svg\" height=\"24px\" viewbox=\"0 -960 960 960\" width=\"24px\" fill=\"#e3e3e3\"><path d=\"M444-600q-55 0-108 15.5T238-538l42 378h400l44-400h-28q-38 0-69-5.5T542-587q-23-7-48-10t-50-3Zm-216-25q51-27 105.5-41T445-680q30 0 59.5 4t58.5 12q50 14 76.5 19t56.5 5h37l17-160H210l18 175Zm51 545q-31 0-53.5-20T200-151l-80-729h720l-80 729q-3 31-25.5 51T681-80H279Zm165-80h236-400 164Z\"\/><\/svg>\t\t\t\t\t<\/div>\n\t\t\t\t<\/div>\n\t\t\t<\/div>\n\t\t\t\t<div class=\"icon-box-text last-reset\">\n\t\t\t<h5 class=\"uppercase\">208 liter<\/h5>\t\t\t<h6>Maximale Beh\u00e4lterkapazit\u00e4t<\/h6>\t\t\t\n\t\t<\/div>\n\t<\/div>\n\t\n\t\n\n\t\t<div class=\"icon-box featured-box icon-box-left text-left\"  >\n\t\t\t\t\t<div class=\"icon-box-img\" style=\"width: 50px\">\n\t\t\t\t<div class=\"icon\">\n\t\t\t\t\t<div class=\"icon-inner\" >\n\t\t\t\t\t\t<svg xmlns=\"http:\/\/www.w3.org\/2000\/svg\" height=\"24px\" viewbox=\"0 -960 960 960\" width=\"24px\" fill=\"#e3e3e3\"><path d=\"M176-120q-19-4-35.5-20.5T120-176l664-664q21 5 36 20.5t21 35.5L176-120Zm-56-252v-112l356-356h112L120-372Zm0-308v-80q0-33 23.5-56.5T200-840h80L120-680Zm560 560 160-160v80q0 33-23.5 56.5T760-120h-80Zm-308 0 468-468v112L484-120H372Z\"\/><\/svg>\t\t\t\t\t<\/div>\n\t\t\t\t<\/div>\n\t\t\t<\/div>\n\t\t\t\t<div class=\"icon-box-text last-reset\">\n\t\t\t<h5 class=\"uppercase\">Robuster Stahl<\/h5>\t\t\t<h6>F\u00fcr raue Umgebungen gebaut<\/h6>\t\t\t\n\t\t<\/div>\n\t<\/div>\n\t\n\t\n\n\t\t<div class=\"icon-box featured-box icon-box-left text-left\"  >\n\t\t\t\t\t<div class=\"icon-box-img\" style=\"width: 50px\">\n\t\t\t\t<div class=\"icon\">\n\t\t\t\t\t<div class=\"icon-inner\" >\n\t\t\t\t\t\t<?xml version=\"1.0\" encoding=\"UTF-8\"?> <svg xmlns=\"http:\/\/www.w3.org\/2000\/svg\" height=\"24px\" viewbox=\"0 -960 960 960\" width=\"24px\" fill=\"#5f6368\"><path d=\"M120-280h164q-17-17-31.5-37T227-360H120v80Zm360 0q83 0 141.5-58.5T680-480q0-83-58.5-141.5T480-680q-83 0-141.5 58.5T280-480q0 83 58.5 141.5T480-280Zm253-320h107v-80H676q17 17 31.5 37t25.5 43ZM40-160v-320h80v40h83q-2-10-2.5-19.5T200-480q0-117 81.5-198.5T480-760h360v-40h80v320h-80v-40h-83q2 10 2.5 19.5t.5 20.5q0 117-81.5 198.5T480-200H120v40H40Zm80-120v-80 80Zm720-320v-80 80ZM480-480Zm0 120q-33 0-56.5-23.5T400-440q0-23 9.5-45.5T446-550l34-50 34 50q27 42 36.5 64.5T560-440q0 33-23.5 56.5T480-360Z\"><\/path><\/svg> \t\t\t\t\t<\/div>\n\t\t\t\t<\/div>\n\t\t\t<\/div>\n\t\t\t\t<div class=\"icon-box-text last-reset\">\n\t\t\t<h5 class=\"uppercase\">Versch\u00fcttet nicht<\/h5>\t\t\t<h6>Halbgeschlossenes Pumpsystem<\/h6>\t\t\t\n\t\t<\/div>\n\t<\/div>\n\t\n\t\n\n\t\t<div class=\"icon-box featured-box icon-box-left text-left\"  >\n\t\t\t\t\t<div class=\"icon-box-img\" style=\"width: 50px\">\n\t\t\t\t<div class=\"icon\">\n\t\t\t\t\t<div class=\"icon-inner\" >\n\t\t\t\t\t\t<img loading=\"lazy\" decoding=\"async\" width=\"268\" height=\"196\" src=\"https:\/\/oilmover.com\/wp-content\/uploads\/2025\/12\/ce.png\" class=\"attachment-medium size-medium\" alt=\"\" \/>\t\t\t\t\t<\/div>\n\t\t\t\t<\/div>\n\t\t\t<\/div>\n\t\t\t\t<div class=\"icon-box-text last-reset\">\n\t\t\t<h5 class=\"uppercase\">CE-gekennzeichnet<\/h5>\t\t\t<h6>Erf\u00fcllt die technischen Anforderungen<\/h6>\t\t\t\n\t\t<\/div>\n\t<\/div>\n\t\n\t\n\t\t<\/div>\n\t\t\t\t\t<\/div>\n\n\t\n<\/div>\n\t\t<\/div>\n\n\t\t\n<style>\n#section_815379146 {\n  padding-top: 30px;\n  padding-bottom: 30px;\n}\n<\/style>\n\t<\/section>\n\t\n\t<section class=\"section\" id=\"section_1521432764\">\n\t\t<div class=\"bg section-bg fill bg-fill  bg-loaded\" >\n\n\t\t\t\n\t\t\t\n\t\t\t\n\n\t\t<\/div>\n\n\t\t\n\n\t\t<div class=\"section-content relative\">\n\t\t\t\n<div class=\"row\" style=\"max-width:600px\" id=\"row-1257834721\">\n\n\t<div id=\"col-1800218156\" class=\"col small-12 large-12\"  >\n\t\t\t\t<div class=\"col-inner\"  >\n\t\t\t\n\t\t\t\n  <div class=\"icon-box testimonial-box icon-box-left text-left\">\n                <div class=\"icon-box-text p-last-0\">\n          <div class=\"star-rating\"><span style=\"width:100%\"><strong class=\"rating\"><\/strong><\/span><\/div>  \t\t\t\t<div class=\"testimonial-text line-height-small italic test_text first-reset last-reset is-italic\">\n            \n<h3>\u201eDas Beste, was wir f\u00fcr unsere Arbeitsumgebung in der K\u00fcche getan haben.\u201c<\/h3>\n<p>OilMover\u2122 hat das Entleeren der Fritteusen viel einfacher und sicherer gemacht. Es geht schneller, wir versch\u00fctten weniger und die Arbeit f\u00fchlt sich weniger stressig an.<\/p>\n          <\/div>\n          <div class=\"testimonial-meta pt-half\">\n             <strong class=\"testimonial-name test_name\">G\u00f6ran Gunes<\/strong>\n             <span class=\"testimonial-name-divider\"> \/ <\/span>             <span class=\"testimonial-company test_company\">Betriebsleiter, Restaurant Torpedverkstan<\/span>\n          <\/div>\n        <\/div>\n  <\/div>\n\n  \n\t\t<\/div>\n\t\t\t\t\t<\/div>\n\n\t\n<\/div>\n\t\t<\/div>\n\n\t\t\n<style>\n#section_1521432764 {\n  padding-top: 30px;\n  padding-bottom: 30px;\n}\n<\/style>\n\t<\/section>\n\t\n\t<section class=\"section\" id=\"section_685564676\">\n\t\t<div class=\"bg section-bg fill bg-fill  bg-loaded\" >\n\n\t\t\t\n\t\t\t\n\t\t\t\n\n\t\t<\/div>\n\n\t\t\n\n\t\t<div class=\"section-content relative\">\n\t\t\t\n<div class=\"row align-middle\"  id=\"row-822380161\">\n\n\t<div id=\"col-176422560\" class=\"col medium-6 small-12 large-6\"  >\n\t\t\t\t<div class=\"col-inner\"  >\n\t\t\t\n\t\t\t\n\t<div class=\"img has-hover x md-x lg-x y md-y lg-y\" id=\"image_1128077682\">\n\t\t\t\t\t\t\t\t<div class=\"img-inner image-cover dark\" style=\"padding-top:100%;\">\n\t\t\t<img loading=\"lazy\" decoding=\"async\" width=\"1024\" height=\"1536\" src=\"https:\/\/oilmover.com\/wp-content\/uploads\/2025\/11\/ChatGPT-Image-Nov-25-2025-04_29_52-PM.png\" class=\"attachment-original size-original\" alt=\"\" srcset=\"https:\/\/oilmover.com\/wp-content\/uploads\/2025\/11\/ChatGPT-Image-Nov-25-2025-04_29_52-PM.png 1024w, https:\/\/oilmover.com\/wp-content\/uploads\/2025\/11\/ChatGPT-Image-Nov-25-2025-04_29_52-PM-267x400.png 267w, https:\/\/oilmover.com\/wp-content\/uploads\/2025\/11\/ChatGPT-Image-Nov-25-2025-04_29_52-PM-533x800.png 533w, https:\/\/oilmover.com\/wp-content\/uploads\/2025\/11\/ChatGPT-Image-Nov-25-2025-04_29_52-PM-768x1152.png 768w, https:\/\/oilmover.com\/wp-content\/uploads\/2025\/11\/ChatGPT-Image-Nov-25-2025-04_29_52-PM-600x900.png 600w\" sizes=\"auto, (max-width: 1024px) 100vw, 1024px\" \/>\t\t\t\t\t\t\n\t\t\t\t\t<\/div>\n\t\t\t\t\t\t\t\t\n<style>\n#image_1128077682 {\n  width: 100%;\n}\n<\/style>\n\t<\/div>\n\t\n\t\t<\/div>\n\t\t\t\t\t<\/div>\n\n\t\n\n\t<div id=\"col-114080741\" class=\"col medium-6 small-12 large-6\"  >\n\t\t\t\t<div class=\"col-inner text-right\"  >\n\t\t\t\n\t\t\t\n<h2>Kontaktieren Sie uns bei Interesse<\/h2>\n<p>Bei Interesse an unserem Produkt OilMover\u2122 kontaktieren Sie uns f\u00fcr weitere Informationen.<\/p>\n<a href=\"\/de\/kontakta-oss\/\" class=\"button secondary is-outline\"  >\n    <span>Kontaktieren Sie uns<\/span>\n  <\/a>\n\n\t\t<\/div>\n\t\t\t\t\n<style>\n#col-114080741 > .col-inner {\n  padding: 50px 80px 50px 50px;\n}\n<\/style>\n\t<\/div>\n\n\t\n<\/div>\n\t\t<\/div>\n\n\t\t\n<style>\n#section_685564676 {\n  padding-top: 30px;\n  padding-bottom: 30px;\n  background-color: rgb(253, 196, 16);\n}\n<\/style>\n\t<\/section>","protected":false},"excerpt":{"rendered":"","protected":false},"author":1,"featured_media":0,"parent":0,"menu_order":0,"comment_status":"closed","ping_status":"closed","template":"page-blank.php","meta":{"footnotes":""},"class_list":["post-43","page","type-page","status-publish","hentry"],"_links":{"self":[{"href":"https:\/\/oilmover.com\/de\/wp-json\/wp\/v2\/pages\/43","targetHints":{"allow":["GET"]}}],"collection":[{"href":"https:\/\/oilmover.com\/de\/wp-json\/wp\/v2\/pages"}],"about":[{"href":"https:\/\/oilmover.com\/de\/wp-json\/wp\/v2\/types\/page"}],"author":[{"embeddable":true,"href":"https:\/\/oilmover.com\/de\/wp-json\/wp\/v2\/users\/1"}],"replies":[{"embeddable":true,"href":"https:\/\/oilmover.com\/de\/wp-json\/wp\/v2\/comments?post=43"}],"version-history":[{"count":100,"href":"https:\/\/oilmover.com\/de\/wp-json\/wp\/v2\/pages\/43\/revisions"}],"predecessor-version":[{"id":243,"href":"https:\/\/oilmover.com\/de\/wp-json\/wp\/v2\/pages\/43\/revisions\/243"}],"wp:attachment":[{"href":"https:\/\/oilmover.com\/de\/wp-json\/wp\/v2\/media?parent=43"}],"curies":[{"name":"wp","href":"https:\/\/api.w.org\/{rel}","templated":true}]}}