{"id":117,"date":"2025-11-16T13:15:51","date_gmt":"2025-11-16T13:15:51","guid":{"rendered":"http:\/\/oilmover.com\/?post_type=product&#038;p=117"},"modified":"2026-02-05T19:49:04","modified_gmt":"2026-02-05T19:49:04","slug":"oilmover","status":"publish","type":"product","link":"https:\/\/oilmover.com\/nl\/product\/oilmover\/","title":{"rendered":"OilMover\u2122"},"content":{"rendered":"<h2 data-start=\"89\" data-end=\"125\"><strong data-start=\"92\" data-end=\"125\">Productbeschrijving \u2013 OilMover\u2122<\/strong><\/h2>\n<p data-start=\"127\" data-end=\"448\"><strong data-start=\"127\" data-end=\"139\">OilMover\u2122<\/strong> \u00e4r en h\u00f6gpresterande och robust maskin som har ett halvslutet elektriskt pumpsystem, utvecklad f\u00f6r att f\u00f6renkla och s\u00e4kra hanteringen av varm frityrolja (max 60\u00b0 C) i restauranger, stork\u00f6k och livsmedelsmilj\u00f6er. Med en kraftfull sugeffekt p\u00e5 <strong data-start=\"324\" data-end=\"346\">25 liter per minuut<\/strong> leegt OilMover\u2122 frituurpannen snel en effici\u00ebnt, zonder handmatig tillen of risicovolle handelingen.<\/p>\n<p data-start=\"450\" data-end=\"749\">De machine is gebouwd in <strong data-start=\"470\" data-end=\"495\">duurzaam industrieel staal<\/strong>, ontworpen voor dagelijks intensief gebruik en bestand tegen zowel warmte als slijtage. Het is volledig compatibel met <strong data-start=\"616\" data-end=\"642\">208-liter industrievat<\/strong>, waardoor deze ideaal is voor bedrijven die zich bezighouden met vetrecycling of regelmatig olietransport.<\/p>\n<p data-start=\"751\" data-end=\"1034\">OilMover\u2122 vermindert aanzienlijk het risico op brandwonden, morsen en uitglijongevallen. Het vereenvoudigt afsluitprocedures, verbetert de werkomgeving en zorgt voor een meer gestandaardiseerde en hygi\u00ebnische werkwijze in de keuken. Het is een betrouwbare oplossing die zowel tijdsbesparing als verhoogde veiligheid oplevert \u2014 elke dag.<\/p>\n<h3 data-start=\"1036\" data-end=\"1058\"><strong data-start=\"1040\" data-end=\"1058\">Belangrijkste voordelen<\/strong><\/h3>\n<ul data-start=\"1059\" data-end=\"1250\">\n<li data-start=\"1059\" data-end=\"1088\">\n<p data-start=\"1061\" data-end=\"1088\">Snelle leeging van friteuses<\/p>\n<\/li>\n<li data-start=\"1089\" data-end=\"1127\">\n<p data-start=\"1091\" data-end=\"1127\">Aanzienlijk verminderd risico op ongelukken<\/p>\n<\/li>\n<li data-start=\"1128\" data-end=\"1167\">\n<p data-start=\"1130\" data-end=\"1167\">Minder morsen en een schonere werkomgeving<\/p>\n<\/li>\n<li data-start=\"1168\" data-end=\"1219\">\n<p data-start=\"1170\" data-end=\"1219\">Gebouwd voor keukens met hoog volume en franchisebedrijven<\/p>\n<\/li>\n<li data-start=\"1220\" data-end=\"1250\">\n<p data-start=\"1222\" data-end=\"1250\">Eenvoudig en veilig in gebruik<\/p>\n<\/li>\n<\/ul>\n<p data-start=\"1252\" data-end=\"1336\"><strong data-start=\"1252\" data-end=\"1336\">OilMover\u2122 \u2013 voor veiliger, schoner en effici\u00ebnter omgaan met gebruikte frituurolie.<\/strong><\/p>\n<p data-start=\"1252\" data-end=\"1336\"><span style=\"font-size: 80%;\"><em>Fat ing\u00e5r ej. Villkor tillkommer.<\/em><\/span><\/p>","protected":false},"excerpt":{"rendered":"<p>Produktbeskrivning \u2013 OilMover\u2122 OilMover\u2122 \u00e4r en h\u00f6gpresterande och robust maskin som har ett halvslutet elektriskt pumpsystem, utvecklad f\u00f6r att f\u00f6renkla och s\u00e4kra hanteringen av varm frityrolja (max 60\u00b0 C) i restauranger, stork\u00f6k och livsmedelsmilj\u00f6er. Med en kraftfull sugeffekt p\u00e5 25 liter per minut t\u00f6mmer OilMover\u2122 frit\u00f6ser snabbt och effektivt, utan behov av manuella lyft eller [&#8230;]\n","protected":false},"featured_media":149,"comment_status":"closed","ping_status":"closed","template":"","meta":[],"product_brand":[25],"product_cat":[24],"product_tag":[],"class_list":{"0":"post-117","1":"product","2":"type-product","3":"status-publish","4":"has-post-thumbnail","6":"product_brand-oilmover","7":"product_cat-oljehantering","9":"first","10":"instock","11":"sold-individually","12":"taxable","13":"shipping-taxable","14":"product-type-simple"},"exclude_global_add_ons":false,"addons":[{"name":"Zuigcapaciteit","type":"multiple_choice","position":0,"required":true,"title_format":"label","default":"","description_enable":false,"description":"","placeholder_enable":false,"placeholder":"","display":"radiobutton","restrictions_type":"any_text","adjust_price":false,"price":"","price_type":"flat_fee","restrictions":false,"min":"0","max":"0","options":[{"label":"25 liter\/minut","price":"","price_type":"flat_fee","image":0,"visibility":true}],"id":1763321983},{"name":"Storlek p\u00e5 k\u00e4rl","type":"multiple_choice","position":1,"required":false,"title_format":"label","default":"","description_enable":false,"description":"","placeholder_enable":false,"placeholder":"","display":"select","restrictions_type":"any_text","adjust_price":false,"price":"","price_type":"flat_fee","restrictions":false,"min":"0","max":"0","options":[{"label":"140 liter k\u00e4rl","price":"","price_type":"percentage_based","image":0,"visibility":true},{"label":"208 liter k\u00e4rl","price":"1700","price_type":"flat_fee","image":0,"visibility":true}],"id":1763321984}],"_links":{"self":[{"href":"https:\/\/oilmover.com\/nl\/wp-json\/wp\/v2\/product\/117","targetHints":{"allow":["GET"]}}],"collection":[{"href":"https:\/\/oilmover.com\/nl\/wp-json\/wp\/v2\/product"}],"about":[{"href":"https:\/\/oilmover.com\/nl\/wp-json\/wp\/v2\/types\/product"}],"replies":[{"embeddable":true,"href":"https:\/\/oilmover.com\/nl\/wp-json\/wp\/v2\/comments?post=117"}],"wp:featuredmedia":[{"embeddable":true,"href":"https:\/\/oilmover.com\/nl\/wp-json\/wp\/v2\/media\/149"}],"wp:attachment":[{"href":"https:\/\/oilmover.com\/nl\/wp-json\/wp\/v2\/media?parent=117"}],"wp:term":[{"taxonomy":"product_brand","embeddable":true,"href":"https:\/\/oilmover.com\/nl\/wp-json\/wp\/v2\/product_brand?post=117"},{"taxonomy":"product_cat","embeddable":true,"href":"https:\/\/oilmover.com\/nl\/wp-json\/wp\/v2\/product_cat?post=117"},{"taxonomy":"product_tag","embeddable":true,"href":"https:\/\/oilmover.com\/nl\/wp-json\/wp\/v2\/product_tag?post=117"}],"curies":[{"name":"wp","href":"https:\/\/api.w.org\/{rel}","templated":true}]}}